{"id":763,"date":"2025-07-01T15:10:35","date_gmt":"2025-07-01T12:10:35","guid":{"rendered":"https:\/\/www.yilcap.com\/?post_type=product&#038;p=763"},"modified":"2025-07-03T14:52:08","modified_gmt":"2025-07-03T11:52:08","slug":"29-25-mm-sfc-kapak","status":"publish","type":"product","link":"https:\/\/www.yilcap.com\/fr\/urunler\/29-25-mm-sfc-kapak\/","title":{"rendered":"Couvercle SFC 29\/25 MM"},"content":{"rendered":"<style>\n  .responsive-table {<br \/>    width: 100%;<br \/>    border-collapse: collapse;<br \/>    font-family: sans-serif;<br \/>  }<br \/>  .responsive-table th, .responsive-table td {<br \/>    padding: 10px;<br \/>    text-align: left;<br \/>    border: 1px solid #ddd;<br \/>  }<br \/>  .responsive-table th {<br \/>    background-color: #f4f4f4;<br \/>    font-weight: bold;<br \/>  }<\/p>\n<p>  @media screen and (max-width: 600px) {<br \/>    .responsive-table thead {<br \/>      display: none;<br \/>    }<br \/>    .responsive-table tr {<br \/>      margin-bottom: 10px;<br \/>      display: block;<br \/>      border-bottom: 2px solid #eee;<br \/>    }<br \/>    .responsive-table td {<br \/>      display: flex;<br \/>      justify-content: space-between;<br \/>      padding: 8px 10px;<br \/>      border: none;<br \/>      border-bottom: 1px solid #ddd;<br \/>    }<br \/>    .responsive-table td::before {<br \/>      content: attr(data-label);<br \/>      font-weight: bold;<br \/>    }<br \/>  }<br \/><\/style>\n<table class=\"responsive-table\">\n<thead>\n<tr>\n<th>\u00dcr\u00fcn \u00d6zelli\u011fi<\/th>\n<th>Detay<\/th>\n<\/tr>\n<\/thead>\n<tbody>\n<tr>\n<td data-label=\"\u00dcr\u00fcn Bilgisi\">\u00dcr\u00fcn Bilgisi<\/td>\n<td data-label=\"Detay\">29\/25 SFC Kapak<\/td>\n<\/tr>\n<tr>\n<td data-label=\"Logo\">Logo<\/td>\n<td data-label=\"Detay\">Kabartma \/ Tampon<\/td>\n<\/tr>\n<tr>\n<td data-label=\"Hammadde\">Hammadde<\/td>\n<td data-label=\"Detay\">HDPE Organoleptik<\/td>\n<\/tr>\n<tr>\n<td data-label=\"Kullan\u0131m Alan\u0131\">Kullan\u0131m Alan\u0131<\/td>\n<td data-label=\"Detay\">Su \/ Gazs\u0131z \u0130\u00e7ecekler<\/td>\n<\/tr>\n<tr>\n<td data-label=\"A\u011f\u0131rl\u0131k\">A\u011f\u0131rl\u0131k<\/td>\n<td data-label=\"Detay\">1.30gr (+\/- 0.5gr)<\/td>\n<\/tr>\n<tr>\n<td data-label=\"Knurl Adeti\">Knurl Adeti<\/td>\n<td data-label=\"Detay\">72 \/ 120<\/td>\n<\/tr>\n<tr>\n<td data-label=\"\u00dcretim Teknolojisi\">\u00dcretim Teknolojisi<\/td>\n<td data-label=\"Detay\">Kompresyon<\/td>\n<\/tr>\n<tr>\n<td data-label=\"Koli \u0130\u00e7i Adet\">Koli \u0130\u00e7i Adet<\/td>\n<td data-label=\"Detay\">6.500 Adet<\/td>\n<\/tr>\n<tr>\n<td data-label=\"Palet\">Palet<\/td>\n<td data-label=\"Detay\">30 Koli \/ 195.000 Adet<\/td>\n<\/tr>\n<tr>\n<td data-label=\"T\u0131r\">T\u0131r<\/td>\n<td data-label=\"Detay\">26 Palet \/ 5.070.000 Adet<\/td>\n<\/tr>\n<tr>\n<td data-label=\"40'' Konteyner\">40&#8221; Konteyner<\/td>\n<td data-label=\"Detay\">780 Koli \/ 5.070.000 Adet<\/td>\n<\/tr>\n<\/tbody>\n<\/table>","protected":false},"excerpt":{"rendered":"<p>29\/25 SFC kapak, HDPE organoleptik hammaddeden \u00fcretilen, su ve gazs\u0131z i\u00e7ecekler i\u00e7in ideal, kompresyon teknolojili, hafif ve y\u00fcksek adetli bir \u00e7\u00f6z\u00fcmd\u00fcr.<\/p>\n<p>&nbsp;<\/p>\n<p><img fetchpriority=\"high\" decoding=\"async\" class=\"alignnone wp-image-1141 size-full\" src=\"https:\/\/www.yilcap.com\/wp-content\/uploads\/2025\/07\/29-25-SFC-38-TEKNIK-CIZIM-1.png\" alt=\"\" width=\"1024\" height=\"490\" srcset=\"https:\/\/www.yilcap.com\/wp-content\/uploads\/2025\/07\/29-25-SFC-38-TEKNIK-CIZIM-1.png 1024w, https:\/\/www.yilcap.com\/wp-content\/uploads\/2025\/07\/29-25-SFC-38-TEKNIK-CIZIM-1-300x144.png 300w\" sizes=\"(max-width: 1024px) 100vw, 1024px\" \/><\/p>","protected":false},"featured_media":1492,"template":"","meta":[],"product_brand":[],"product_cat":[21],"product_tag":[],"class_list":{"0":"post-763","1":"product","2":"type-product","3":"status-publish","4":"has-post-thumbnail","6":"product_cat-kapaklar","8":"first","9":"instock","10":"shipping-taxable","11":"product-type-simple"},"_links":{"self":[{"href":"https:\/\/www.yilcap.com\/fr\/wp-json\/wp\/v2\/product\/763","targetHints":{"allow":["GET"]}}],"collection":[{"href":"https:\/\/www.yilcap.com\/fr\/wp-json\/wp\/v2\/product"}],"about":[{"href":"https:\/\/www.yilcap.com\/fr\/wp-json\/wp\/v2\/types\/product"}],"wp:featuredmedia":[{"embeddable":true,"href":"https:\/\/www.yilcap.com\/fr\/wp-json\/wp\/v2\/media\/1492"}],"wp:attachment":[{"href":"https:\/\/www.yilcap.com\/fr\/wp-json\/wp\/v2\/media?parent=763"}],"wp:term":[{"taxonomy":"product_brand","embeddable":true,"href":"https:\/\/www.yilcap.com\/fr\/wp-json\/wp\/v2\/product_brand?post=763"},{"taxonomy":"product_cat","embeddable":true,"href":"https:\/\/www.yilcap.com\/fr\/wp-json\/wp\/v2\/product_cat?post=763"},{"taxonomy":"product_tag","embeddable":true,"href":"https:\/\/www.yilcap.com\/fr\/wp-json\/wp\/v2\/product_tag?post=763"}],"curies":[{"name":"wp","href":"https:\/\/api.w.org\/{rel}","templated":true}]}}