{"id":1332,"date":"2025-07-02T12:28:40","date_gmt":"2025-07-02T09:28:40","guid":{"rendered":"https:\/\/www.yilcap.com\/?page_id=1332"},"modified":"2025-07-02T12:31:53","modified_gmt":"2025-07-02T09:31:53","slug":"kisisel-verilerin-korunmasi-aydinlatma-metni","status":"publish","type":"page","link":"https:\/\/www.yilcap.com\/ru\/kisisel-verilerin-korunmasi-aydinlatma-metni\/","title":{"rendered":"\u041a\u0412\u041a\u041a"},"content":{"rendered":"<div data-elementor-type=\"wp-page\" data-elementor-id=\"1332\" class=\"elementor elementor-1332\">\n\t\t\t\t<div class=\"elementor-element elementor-element-c626b84 e-flex e-con-boxed e-con e-parent\" data-id=\"c626b84\" data-element_type=\"container\" data-settings=\"{&quot;background_background&quot;:&quot;classic&quot;}\">\n\t\t\t\t\t<div class=\"e-con-inner\">\n\t\t\t\t<div class=\"elementor-element elementor-element-459788f elementor-widget elementor-widget-heading\" data-id=\"459788f\" data-element_type=\"widget\" data-widget_type=\"heading.default\">\n\t\t\t\t<div class=\"elementor-widget-container\">\n\t\t\t\t\t<h1 class=\"elementor-heading-title elementor-size-default\">\u041a\u0412\u041a\u041a<\/h1>\t\t\t\t<\/div>\n\t\t\t\t<\/div>\n\t\t\t\t\t<\/div>\n\t\t\t\t<\/div>\n\t\t<div class=\"elementor-element elementor-element-f8b404f e-flex e-con-boxed e-con e-parent\" data-id=\"f8b404f\" data-element_type=\"container\">\n\t\t\t\t\t<div class=\"e-con-inner\">\n\t\t\t\t<div class=\"elementor-element elementor-element-a7db456 elementor-widget elementor-widget-text-editor\" data-id=\"a7db456\" data-element_type=\"widget\" data-widget_type=\"text-editor.default\">\n\t\t\t\t<div class=\"elementor-widget-container\">\n\t\t\t\t\t\t\t\t\t<div id=\"middle\"><div class=\"middle_inner\"><div id=\"cmsmasters_row_7rsf8h11bp\" class=\"cmsmasters_row cmsmasters_color_scheme_default cmsmasters_row_top_default cmsmasters_row_bot_default cmsmasters_row_boxed\"><div class=\"cmsmasters_row_outer_parent\"><div class=\"cmsmasters_row_outer\"><div class=\"cmsmasters_row_inner\"><div class=\"cmsmasters_row_margin cmsmasters_11\"><div id=\"cmsmasters_column_mn7qyg2us\" class=\"cmsmasters_column one_first\"><div class=\"cmsmasters_column_inner\"><div class=\"cmsmasters_text\"><p><strong>YILCAP A.\u015e.\u00a0<\/strong>taraf\u0131ndan gizlili\u011finize sayg\u0131 duyulmakta ve veri g\u00fcvenli\u011finize \u00f6nem verilmektedir. Bu kapsamda 6698 say\u0131l\u0131 Ki\u015fisel Verilerin \u00a0\u00a0\u00a0\u00a0\u00a0\u00a0\u00a0 Korunmas\u0131 Kanunu (\u201cKanun\u201d) ve ilgili di\u011fer mevzuatlar d\u00e2hilinde sizleri bilgilendirmek ve ayd\u0131nlatmak amac\u0131yla i\u015fbu metin haz\u0131rlanm\u0131\u015ft\u0131r.<\/p><p><strong>1. VER\u0130 SORUMLUSUNUN K\u0130ML\u0130\u011e\u0130<\/strong><\/p><p>Ki\u015fisel verileriniz veri sorumlusu s\u0131fat\u0131yla\u00a0<strong>YILCAP A.\u015e.\u00a0<\/strong>taraf\u0131ndan, 6698 say\u0131l\u0131 Ki\u015fisel Verilerin Korunmas\u0131 Kanunu (\u201cKanun\u201d) uyar\u0131nca a\u015fa\u011f\u0131da a\u00e7\u0131klanan kapsamda i\u015flenebilecektir.<\/p><p><strong>2. K\u0130\u015e\u0130SEL VER\u0130LER\u0130N \u0130\u015eLENME AMACI<\/strong><\/p><ul><li>Ki\u015fisel verileriniz, \u015firketimiz taraf\u0131ndan sunulan \u00fcr\u00fcn ve hizmetlerin taraf\u0131n\u0131za sunulabilmesini temin i\u00e7in \u015firket i\u00e7erisinde gerekli operasyonel faaliyetlerin y\u00fcr\u00fct\u00fclmesi,<\/li><li>Siz m\u00fc\u015fterilerimize t\u00fcketim ve al\u0131m motivasyonunuza uygun \u00fcr\u00fcn ve hizmetlerin \u00f6nerilebilmesi i\u00e7in gerekli \u00e7al\u0131\u015fmalar\u0131n ilgili i\u015f birimi ve i\u015f ortaklar\u0131 ile yap\u0131lmas\u0131,<\/li><li>\u0130nsan kayna\u011f\u0131 y\u00f6netiminin \u015eirketimiz taraf\u0131ndan sa\u011flanarak ger\u00e7ek ki\u015filerin haklar\u0131n\u0131n temini, \u015eirketimiz taraf\u0131ndan ticari kararlar\u0131n verilmesi, uygulanmas\u0131 ve ger\u00e7ekle\u015ftirilmesi konusunda gerekli ad\u0131mlar\u0131n at\u0131lmas\u0131, i\u015f ili\u015fkisi kurdu\u011fumuz ger\u00e7ek ve t\u00fczel ki\u015filerin ve \u015eirketimizin bu ili\u015fkilerden kaynakl\u0131 hukuki emniyetinin sa\u011flanmas\u0131,<\/li><li>Finans ve Muhasebe \u0130\u015flerinin Takibi,<\/li><li>I\u0307s\u0327 S\u00fcreklili\u011finin Sa\u011flanmas\u0131 Faaliyetlerinin Planlanmas\u0131 ve \u0130cras\u0131,<\/li><li>Bilgi g\u00fcvenli\u011fi s\u00fcre\u00e7lerinin planlanmas\u0131, denetimi ve icras\u0131,<\/li><li>Bilgi teknolojileri alt yap\u0131s\u0131n\u0131n olu\u015fturulmas\u0131 ve y\u00f6netilmesi,<\/li><li>Kurumsal ileti\u015fim faaliyetlerinin planlanmas\u0131 ve icras\u0131,<\/li><li>Lojistik faaliyetlerinin planlanmas\u0131 ve icras\u0131<\/li><li>\u0130s\u0327 ortaklar\u0131 ve tedarik\u00e7ilerin bilgiye eri\u015fim yetkilerinin planlanmas\u0131 ve icras\u0131,<\/li><li>Etkinlik y\u00f6netimi,<\/li><li>Faaliyetlerinin planlanmas\u0131 ve icras\u0131,<\/li><li>Tedarik zinciri y\u00f6netimi s\u00fcre\u00e7lerinin planlanmas\u0131 ve icras\u0131,<\/li><li>Kurumsal y\u00f6netim faaliyetlerin planlanmas\u0131 ve icras\u0131,<\/li><li>I\u0307s\u0327 faaliyetlerinin etkinlik\/verimlilik ve yerindelik analizlerinin ger\u00e7ekle\u015ftirilmesi faaliyetlerinin planlanmas\u0131 ve icras\u0131,<\/li><li>Kurumsal su\u0308rdu\u0308ru\u0308lebilirlik Faaliyetlerinin Planlanmas\u0131 ve icras\u0131<\/li><li>S\u00f6zle\u015fme s\u00fcre\u00e7lerinin ve\/veya hukuki taleplerin takibi,<\/li><li>\u00dcr\u00fcn ve\/veya hizmetlerin sat\u0131\u015f\u0327 s\u00fcre\u00e7lerinin planlanmas\u0131 ve icras\u0131,<\/li><li>M\u00fc\u015fteri ili\u015fkileri y\u00f6netimi s\u00fcre\u00e7lerinin planlanmas\u0131 ve icras\u0131,<\/li><li>Sat\u0131\u015f\u0327 sonras\u0131 destek hizmetleri aktivitelerinin planlanmas\u0131 ve\/veya icras\u0131,<\/li><li>M\u00fc\u015fteri \u015fik\u00e2yet, talep ve \u00f6nerilerinin toplanmas\u0131 ve de\u011ferlendirilmesi,<\/li><li>Sat\u0131\u015f\u0131 destekleyen ek hizmetlerin planlanmas\u0131 ve icras\u0131,<\/li><li>Sadakat ve kampanya y\u00f6netimi s\u00fcre\u00e7lerinin planlanmas\u0131 ve m\u00fc\u015fteri memnuniyeti aktivitelerinin planlanmas\u0131 ve\/veya icras\u0131.<\/li><\/ul><p><strong>3. K\u0130\u015e\u0130SEL VER\u0130LER\u0130N RIZA ARANMAKSIZIN \u0130\u015eLENEB\u0130LECE\u011e\u0130 HALLER<\/strong><\/p><p>Ki\u015fisel Verileriniz, Veri Sorumlusu s\u0131fat\u0131yla\u00a0<strong>YILCAP A.\u015e.\u00a0<\/strong>taraf\u0131ndan, a\u015fa\u011f\u0131daki hallerde ayr\u0131ca bir a\u00e7\u0131k r\u0131zan\u0131z aranmaks\u0131z\u0131n i\u015flenebilecektir:<\/p><ul><li>Fiili imk\u00e2ns\u0131zl\u0131k nedeniyle r\u0131zas\u0131n\u0131 a\u00e7\u0131klayamayacak durumda bulunan veya r\u0131zas\u0131na hukuki ge\u00e7erlilik tan\u0131nmayan ki\u015finin kendisinin ya da bir ba\u015fkas\u0131n\u0131n hayat\u0131 veya beden b\u00fct\u00fcnl\u00fc\u011f\u00fcn\u00fcn korunmas\u0131 i\u00e7in zorunlu olmas\u0131,<\/li><li>S\u00f6zle\u015fmenin ifas\u0131yla do\u011frudan do\u011fruya ilgili olmas\u0131 kayd\u0131yla, s\u00f6zle\u015fmenin taraflar\u0131na ait ki\u015fisel verilerin i\u015flenmesinin gerekli olmas\u0131,<\/li><li>Veri sorumlusu olarak hukuki y\u00fck\u00fcml\u00fcl\u00fcklerimizin yerine getirilebilmesi i\u00e7in zorunlu olmas\u0131,<\/li><li>\u0130lgili ki\u015finin kendisi taraf\u0131ndan alenile\u015ftirilmi\u015f olmas\u0131,<\/li><li>Bir hakk\u0131n tesisi, kullan\u0131lmas\u0131 veya korunmas\u0131 i\u00e7in veri i\u015flemenin zorunlu olmas\u0131,<\/li><li>\u0130lgili ki\u015finin temel hak ve \u00f6zg\u00fcrl\u00fcklerine zarar vermemek kayd\u0131yla, veri sorumlusunun me\u015fru menfaatleri i\u00e7in veri i\u015flenmesinin zorunlu olmas\u0131, \u015fartlar\u0131ndan herhangi birisine dayanarak,\u00a0a\u015fa\u011f\u0131da belirtece\u011fimiz ama\u00e7larla kullan\u0131labilecektir.<\/li><\/ul><p><strong>4. K\u0130\u015e\u0130SEL VER\u0130LER\u0130N \u0130\u015eLENME B\u0130\u00c7\u0130M\u0130<\/strong><\/p><p>Ki\u015fisel verilerinizin i\u015flenmesi ile ki\u015fisel verilerinizin tamamen veya k\u0131smen otomatik olan ya da herhangi bir veri kay\u0131t sisteminin par\u00e7as\u0131 olmak kayd\u0131yla otomatik olmayan yollarla elde edilmesi, kaydedilmesi, depolanmas\u0131, muhafaza edilmesi, de\u011fi\u015ftirilmesi, yeniden d\u00fczenlenmesi, a\u00e7\u0131klanmas\u0131, aktar\u0131lmas\u0131, devral\u0131nmas\u0131, elde edilebilir h\u00e2le getirilmesi, s\u0131n\u0131fland\u0131r\u0131lmas\u0131 ya da kullan\u0131lmas\u0131n\u0131n engellenmesi gibi veriler \u00fczerinde ger\u00e7ekle\u015ftirilen her t\u00fcrl\u00fc i\u015flem kastedilmektedir. Veri Sorumlusu ve Temsilci<br \/>Kanun uyar\u0131nca, ki\u015fisel verileriniz; veri sorumlusu olarak\u00a0<strong>YILCAP A.\u015e.<\/strong>\u00a0taraf\u0131ndan bu metinde a\u00e7\u0131klanan kapsamda i\u015flenebilecektir.<\/p><p><strong>5. \u0130\u015eLENEN K\u0130\u015e\u0130SEL VER\u0130LER\u0130N K\u0130MLERE VE NASIL AKTARILACA\u011eI<\/strong><\/p><p>Toplanan ki\u015fisel verileriniz \u015eirketimiz ve \u015eirketimizle i\u015f ili\u015fkisi i\u00e7erisinde olan ki\u015filerin hukuki ve ticari g\u00fcvenli\u011finin temini, \u015eirketimiz taraf\u0131ndan sunulan \u00fcr\u00fcn ve hizmetlerden sizleri faydaland\u0131rmak i\u00e7in gerekli \u00e7al\u0131\u015fmalar\u0131n i\u015f birimlerimiz taraf\u0131ndan yap\u0131lmas\u0131, \u015eirketimiz taraf\u0131ndan sunulan \u00fcr\u00fcn ve hizmetlerin sizlerin be\u011feni, kullan\u0131m al\u0131\u015fkanl\u0131klar\u0131 ve ihtiya\u00e7lar\u0131na g\u00f6re \u00f6zelle\u015ftirilerek sizlere \u00f6nerilmesi, \u015eirketimizin ticari ve i\u015f stratejilerinin belirlenmesi ve uygulanmas\u0131 ile \u015eirketimizin insan kaynaklar\u0131 politikalar\u0131n\u0131n y\u00fcr\u00fct\u00fclmesinin temini ama\u00e7lar\u0131yla i\u015f ortaklar\u0131m\u0131za, tedarik\u00e7ilerimize, hissedarlar\u0131m\u0131za, kanunen yetkili kamu kurumlar\u0131 ve \u00f6zel ki\u015filere, KVK Kanunu\u2019nun 8. ve 9. maddelerinde belirtilen ki\u015fisel veri i\u015fleme \u015fartlar\u0131 ve ama\u00e7lar\u0131 \u00e7er\u00e7evesinde aktar\u0131labilecektir.<\/p><p><strong>6. Ki\u015fisel<\/strong>\u00a0<strong>Veri Toplaman\u0131n Y\u00f6ntemi ve Hukuki Sebebi<\/strong><\/p><p>Ki\u015fisel verileriniz \u015eirketimiz taraf\u0131ndan farkl\u0131 kanallarla ve farkl\u0131 hukuki sebeplere dayanarak ticari faaliyetlerimizi y\u00fcr\u00fctmek amac\u0131yla toplanmaktad\u0131r. Bu hukuki sebeple toplanan ki\u015fisel verileriniz KVK Kanunu\u2019nun 5. ve 6. maddelerinde belirtilen ki\u015fisel veri i\u015fleme \u015fartlar\u0131 ve ama\u00e7lar\u0131 kapsam\u0131nda bu metnin (b) ve (c) maddelerinde belirtilen ama\u00e7larla da i\u015flenebilmekte ve aktar\u0131labilmektedir.<\/p><p><strong>7. Ki\u015fisel Veri Sahibinin Haklar\u0131<\/strong><\/p><p>Ki\u015fisel Veri Sahibinin KVK Kanunu\u2019nun 11. maddesinde say\u0131lan haklar\u0131, Ki\u015fisel Veri Sahipleri olarak haklar\u0131n\u0131za ili\u015fkin taleplerinizi i\u015fbu Ayd\u0131nlatma Metni\u2019 nde a\u015fa\u011f\u0131da d\u00fczenlenen y\u00f6ntemlerle \u015eirketimize iletmeniz durumunda \u015eirketimiz talebin niteli\u011fine g\u00f6re talebi en k\u0131sa s\u00fcrede ve en ge\u00e7 otuz g\u00fcn i\u00e7inde \u00fccretsiz olarak sonu\u00e7land\u0131racakt\u0131r. Ancak, Ki\u015fisel Verileri Koruma Kurulunca bir \u00fccret \u00f6ng\u00f6r\u00fclmesi halinde, \u015eirketimiz taraf\u0131ndan belirlenen tarifedeki \u00fccret al\u0131nacakt\u0131r. Bu kapsamda ki\u015fisel veri sahipleri;<\/p><ul><li>Ki\u015fisel veri i\u015flenip i\u015flenmedi\u011fini \u00f6\u011frenme,<\/li><li>Ki\u015fisel verileri i\u015flenmi\u015fse buna ili\u015fkin bilgi talep etme,<\/li><li>Ki\u015fisel verilerin i\u015flenme amac\u0131n\u0131 ve bunlar\u0131n amac\u0131na uygun kullan\u0131l\u0131p kullan\u0131lmad\u0131\u011f\u0131n\u0131 \u00f6\u011frenme,<\/li><li>Yurt i\u00e7inde veya yurt d\u0131\u015f\u0131nda ki\u015fisel verilerin aktar\u0131ld\u0131\u011f\u0131 \u00fc\u00e7\u00fcnc\u00fc ki\u015fileri bilme,<\/li><li>Ki\u015fisel verilerin eksik veya yanl\u0131\u015f i\u015flenmi\u015f olmas\u0131 h\u00e2linde bunlar\u0131n d\u00fczeltilmesini isteme ve bu kapsamda yap\u0131lan i\u015flemin ki\u015fisel verilerin aktar\u0131ld\u0131\u011f\u0131 \u00fc\u00e7\u00fcnc\u00fc ki\u015filere bildirilmesini isteme,<\/li><li>KVK Kanunu\u2019nun ve ilgili di\u011fer kanun h\u00fck\u00fcmlerine uygun olarak i\u015flenmi\u015f olmas\u0131na ra\u011fmen, i\u015flenmesini gerektiren sebeplerin ortadan kalkmas\u0131 h\u00e2linde ki\u015fisel verilerin silinmesini veya yok edilmesini isteme ve bu kapsamda yap\u0131lan i\u015flemin ki\u015fisel verilerin aktar\u0131ld\u0131\u011f\u0131 \u00fc\u00e7\u00fcnc\u00fc ki\u015filere bildirilmesini isteme,<\/li><li>\u0130\u015flenen verilerin m\u00fcnhas\u0131ran otomatik sistemler vas\u0131tas\u0131yla analiz edilmesi suretiyle ki\u015finin kendisi aleyhine bir sonucun ortaya \u00e7\u0131kmas\u0131na itiraz etme,<\/li><li>Ki\u015fisel verilerin kanuna ayk\u0131r\u0131 olarak i\u015flenmesi sebebiyle zarara u\u011framas\u0131 h\u00e2linde zarar\u0131n giderilmesini talep etme haklar\u0131na sahiptir.<\/li><\/ul><p>KVK Kanunu\u2019nun 13. maddesinin 1. f\u0131kras\u0131 gere\u011fince, yukar\u0131da belirtilen haklar\u0131n\u0131z\u0131 kullanmak ile ilgili talebinizi, yaz\u0131l\u0131 olarak \u015eirketimize iletebilirsiniz. Bu \u00e7er\u00e7evede \u015eirketimize KVK Kanunu\u2019nun 11. maddesi kapsam\u0131nda yapaca\u011f\u0131n\u0131z ba\u015fvurularda yaz\u0131l\u0131 olarak ba\u015fvurunuzu iletece\u011finiz kanallar ve usuller a\u015fa\u011f\u0131da a\u00e7\u0131klanmaktad\u0131r.<\/p><p>Yukar\u0131da belirtilen haklar\u0131n\u0131z\u0131 kullanmak i\u00e7in kimli\u011finizi tespit edici gerekli bilgiler ile KVK Kanunu\u2019nun 11. maddesinde belirtilen haklardan kullanmay\u0131 talep etti\u011finiz hakk\u0131n\u0131za y\u00f6nelik a\u00e7\u0131klamalar\u0131n\u0131z\u0131 i\u00e7eren formun imzal\u0131 bir n\u00fcshas\u0131n\u0131\u00a0<strong>YILCAP A.\u015e. S\u00fct\u00e7\u00fcler Mahallesi Ankara Caddesi No:323 Kemalpa\u015fa\/\u0130zmir \u00a0<\/strong>adresine kimli\u011finizi tespit edici belgeler ile bizzat elden iletebilir, noter kanal\u0131yla g\u00f6nderebilirsiniz.<\/p><\/div><\/div><\/div><\/div><\/div><\/div><\/div><\/div><div class=\"cl\">\u00a0<\/div><div class=\"content_wrap fullwidth\">\u00a0<\/div><\/div><\/div><div id=\"bottom\" class=\"cmsmasters_color_scheme_first\"><div class=\"bottom_bg\"><div class=\"bottom_outer\"><div class=\"bottom_inner sidebar_layout_14141414\">\u00a0<\/div><\/div><\/div><\/div>\t\t\t\t\t\t\t\t<\/div>\n\t\t\t\t<\/div>\n\t\t\t\t\t<\/div>\n\t\t\t\t<\/div>\n\t\t\t\t<\/div>","protected":false},"excerpt":{"rendered":"<p>KVKK YILCAP A.\u015e.\u00a0taraf\u0131ndan gizlili\u011finize sayg\u0131 duyulmakta ve veri g\u00fcvenli\u011finize \u00f6nem verilmektedir. Bu kapsamda 6698 say\u0131l\u0131 Ki\u015fisel Verilerin \u00a0\u00a0\u00a0\u00a0\u00a0\u00a0\u00a0 Korunmas\u0131 Kanunu (\u201cKanun\u201d) ve ilgili di\u011fer mevzuatlar d\u00e2hilinde sizleri bilgilendirmek ve ayd\u0131nlatmak amac\u0131yla i\u015fbu metin haz\u0131rlanm\u0131\u015ft\u0131r. 1. VER\u0130 SORUMLUSUNUN K\u0130ML\u0130\u011e\u0130 Ki\u015fisel verileriniz veri sorumlusu s\u0131fat\u0131yla\u00a0YILCAP A.\u015e.\u00a0taraf\u0131ndan, 6698 say\u0131l\u0131 Ki\u015fisel Verilerin Korunmas\u0131 Kanunu (\u201cKanun\u201d) uyar\u0131nca a\u015fa\u011f\u0131da a\u00e7\u0131klanan kapsamda [&hellip;]<\/p>","protected":false},"author":1,"featured_media":0,"parent":0,"menu_order":0,"comment_status":"closed","ping_status":"closed","template":"","meta":{"footnotes":""},"class_list":["post-1332","page","type-page","status-publish","hentry"],"rankMath":{"parentDomain":"www.yilcap.com","noFollowDomains":[],"noFollowExcludeDomains":[],"noFollowExternalLinks":false,"featuredImageNotice":"\u041f\u043e\u043a\u0430\u0437\u0430\u043d\u043d\u043e\u0435 \u0438\u0437\u043e\u0431\u0440\u0430\u0436\u0435\u043d\u0438\u0435 \u0434\u043e\u043b\u0436\u043d\u043e \u0431\u044b\u0442\u044c \u0440\u0430\u0437\u043c\u0435\u0440\u043e\u043c \u043d\u0435 \u043c\u0435\u043d\u0435\u0435 200 \u043d\u0430 200 \u043f\u0438\u043a\u0441\u0435\u043b\u0435\u0439, \u0447\u0442\u043e\u0431\u044b \u0435\u0433\u043e \u043c\u043e\u0433\u043b\u0438 \u0443\u0432\u0438\u0434\u0435\u0442\u044c Facebook \u0438 \u0434\u0440\u0443\u0433\u0438\u0435 \u0441\u0430\u0439\u0442\u044b \u0441\u043e\u0446\u0438\u0430\u043b\u044c\u043d\u044b\u0445 \u0441\u0435\u0442\u0435\u0439.","pluginReviewed":false,"postSettings":{"linkSuggestions":true,"useFocusKeyword":false},"frontEndScore":false,"postName":"kisisel-verilerin-korunmasi-aydinlatma-metni","permalinkFormat":"https:\/\/www.yilcap.com\/ru\/%pagename%\/","showLockModifiedDate":true,"assessor":{"focusKeywordLink":"https:\/\/www.yilcap.com\/wp-admin\/edit.php?focus_keyword=%focus_keyword%&post_type=%post_type%","hasTOCPlugin":false,"primaryTaxonomy":false,"serpData":{"title":"","description":"","focusKeywords":"","pillarContent":false,"canonicalUrl":"","breadcrumbTitle":"","advancedRobots":[],"facebookTitle":"","facebookDescription":"","facebookImage":"","facebookImageID":"","facebookHasOverlay":false,"facebookImageOverlay":"","facebookAuthor":"","twitterCardType":"","twitterUseFacebook":true,"twitterTitle":"","twitterDescription":"","twitterImage":"","twitterImageID":"","twitterHasOverlay":false,"twitterImageOverlay":"","twitterPlayerUrl":"","twitterPlayerSize":"","twitterPlayerStream":"","twitterPlayerStreamCtype":"","twitterAppDescription":"","twitterAppIphoneName":"","twitterAppIphoneID":"","twitterAppIphoneUrl":"","twitterAppIpadName":"","twitterAppIpadID":"","twitterAppIpadUrl":"","twitterAppGoogleplayName":"","twitterAppGoogleplayID":"","twitterAppGoogleplayUrl":"","twitterAppCountry":"","robots":{"index":true},"twitterAuthor":"\u0438\u043c\u044f \u043f\u043e\u043b\u044c\u0437\u043e\u0432\u0430\u0442\u0435\u043b\u044f","primaryTerm":0,"authorName":"yilcap_admin","titleTemplate":"%title% %sep% %sitename%","descriptionTemplate":"%excerpt%","showScoreFrontend":true,"lockModifiedDate":false},"powerWords":[],"diacritics":{"A":"[\\u0410\\u0430]","B":"[\\u0411\\u0431]","V":"[\\u0412\\u0432]","G":"[\\u0413\\u0433]","D":"[\\u0414\\u0434]","YE":"[\\u0415\\u0435]","YO":"[\\u0401\\u0451]","ZH":"[\\u0416\\u0436]","Z":"[\\u0417\\u0437]","EE":"[\\u0418\\u0438]","YI":"[\\u0419\\u0439]","K":"[\\u041A\\u043A]","L":"[\\u041B\\u043B]","M":"[\\u041C\\u043c]","P":"[\\u041F\\u043F]","T":"[\\u0422\\u0442]","U":"[\\u0423\\u0443]","F":"[\\u0424\\u0444]","H":"[\\u0425\\u0445]","TS":"[\\u0426\\u0446]","CH":"[\\u0427\\u0447]","SH":"[\\u0428\\u0448\\u0429\\u0449]","I":"[\\u042B\\u044B]","E":"[\\u042D\\u044D]","YU":"[\\u042E\\u044E]","YA":"[\\u042F\\u044F]","N":"[\\u041D\\u043D]"},"researchesTests":["contentHasTOC","contentHasShortParagraphs","contentHasAssets","keywordInTitle","keywordInMetaDescription","keywordInPermalink","keywordIn10Percent","keywordInContent","keywordInSubheadings","keywordInImageAlt","keywordDensity","keywordNotUsed","lengthContent","lengthPermalink","linksHasInternal","linksHasExternals","linksNotAllExternals","titleStartWithKeyword","titleSentiment","titleHasPowerWords","titleHasNumber","hasContentAI"],"hasRedirection":true,"hasBreadcrumb":false},"homeUrl":"https:\/\/www.yilcap.com\/ru","objectID":1332,"objectType":"post","locale":"ru","localeFull":"ru_RU","overlayImages":{"play":{"name":"Play \u0438\u043a\u043e\u043d\u043a\u0430","url":"https:\/\/www.yilcap.com\/wp-content\/plugins\/seo-by-rank-math\/assets\/admin\/img\/icon-play.png","path":"\/home\/yilcap\/public_html\/wp-content\/plugins\/seo-by-rank-math\/assets\/admin\/img\/icon-play.png","position":"middle_center"},"gif":{"name":"GIF \u0438\u043a\u043e\u043d\u043a\u0430","url":"https:\/\/www.yilcap.com\/wp-content\/plugins\/seo-by-rank-math\/assets\/admin\/img\/icon-gif.png","path":"\/home\/yilcap\/public_html\/wp-content\/plugins\/seo-by-rank-math\/assets\/admin\/img\/icon-gif.png","position":"middle_center"}},"defautOgImage":"https:\/\/www.yilcap.com\/wp-content\/plugins\/seo-by-rank-math\/assets\/admin\/img\/social-placeholder.jpg","customPermalinks":true,"isUserRegistered":false,"autoSuggestKeywords":false,"connectSiteUrl":"https:\/\/rankmath.com\/auth?site=https%3A%2F%2Fwww.yilcap.com%2Fru&r=https%3A%2F%2Fwww.yilcap.com%2Fru%2Fwp-json%2Fwp%2Fv2%2Fpages%2F1332%3Fnonce%3D82ed1bfab2","maxTags":5,"trendsIcon":"<svg viewBox=\"0 0 610 610\"><path d=\"M18.85,446,174.32,290.48l58.08,58.08L76.93,504a14.54,14.54,0,0,1-20.55,0L18.83,466.48a14.54,14.54,0,0,1,0-20.55Z\" style=\"fill:#4285f4\"\/><path d=\"M242.65,242.66,377.59,377.6l-47.75,47.75a14.54,14.54,0,0,1-20.55,0L174.37,290.43l47.75-47.75A14.52,14.52,0,0,1,242.65,242.66Z\" style=\"fill:#ea4335\"\/><polygon points=\"319.53 319.53 479.26 159.8 537.34 217.88 377.61 377.62 319.53 319.53\" style=\"fill:#fabb05\"\/><path d=\"M594.26,262.73V118.61h0a16.94,16.94,0,0,0-16.94-16.94H433.2a16.94,16.94,0,0,0-12,28.92L565.34,274.71h0a16.94,16.94,0,0,0,28.92-12Z\" style=\"fill:#34a853\"\/><rect width=\"610\" height=\"610\" style=\"fill:none\"\/><\/svg>","showScore":true,"siteFavIcon":"https:\/\/www.yilcap.com\/wp-content\/uploads\/2025\/07\/Adsiz-tasarim-2025-07-01T112604.474-150x150.jpg","canUser":{"general":false,"advanced":false,"snippet":false,"social":false,"analysis":false,"analytics":false,"content_ai":false},"showKeywordIntent":true,"isPro":false,"is_front_page":false,"trendsUpgradeLink":"https:\/\/rankmath.com\/pricing\/?utm_source=Plugin&utm_medium=CE%20General%20Tab%20Trends&utm_campaign=WP","trendsUpgradeLabel":"\u0410\u043f\u0433\u0440\u0435\u0439\u0434","trendsPreviewImage":"https:\/\/www.yilcap.com\/wp-content\/plugins\/seo-by-rank-math\/assets\/admin\/img\/trends-preview.jpg","currentEditor":false,"homepageData":{"assessor":{"powerWords":[],"diacritics":true,"researchesTests":["contentHasTOC","contentHasShortParagraphs","contentHasAssets","keywordInTitle","keywordInMetaDescription","keywordInPermalink","keywordIn10Percent","keywordInContent","keywordInSubheadings","keywordInImageAlt","keywordDensity","keywordNotUsed","lengthContent","lengthPermalink","linksHasInternal","linksHasExternals","linksNotAllExternals","titleStartWithKeyword","titleSentiment","titleHasPowerWords","titleHasNumber","hasContentAI"],"hasBreadcrumb":false,"serpData":{"title":"%sitename% %page% %sep% %sitedesc%","description":"","titleTemplate":"%sitename% %page% %sep% %sitedesc%","descriptionTemplate":"","focusKeywords":"","breadcrumbTitle":"Home","robots":{"index":true},"advancedRobots":[],"facebookTitle":"","facebookDescription":"","facebookImage":"","facebookImageID":""}}},"tocTitle":"Table of Contents","tocExcludeHeadings":[],"listStyle":"ul"},"_links":{"self":[{"href":"https:\/\/www.yilcap.com\/ru\/wp-json\/wp\/v2\/pages\/1332","targetHints":{"allow":["GET"]}}],"collection":[{"href":"https:\/\/www.yilcap.com\/ru\/wp-json\/wp\/v2\/pages"}],"about":[{"href":"https:\/\/www.yilcap.com\/ru\/wp-json\/wp\/v2\/types\/page"}],"author":[{"embeddable":true,"href":"https:\/\/www.yilcap.com\/ru\/wp-json\/wp\/v2\/users\/1"}],"replies":[{"embeddable":true,"href":"https:\/\/www.yilcap.com\/ru\/wp-json\/wp\/v2\/comments?post=1332"}],"version-history":[{"count":10,"href":"https:\/\/www.yilcap.com\/ru\/wp-json\/wp\/v2\/pages\/1332\/revisions"}],"predecessor-version":[{"id":1348,"href":"https:\/\/www.yilcap.com\/ru\/wp-json\/wp\/v2\/pages\/1332\/revisions\/1348"}],"wp:attachment":[{"href":"https:\/\/www.yilcap.com\/ru\/wp-json\/wp\/v2\/media?parent=1332"}],"curies":[{"name":"wp","href":"https:\/\/api.w.org\/{rel}","templated":true}]}}