{"id":1393,"date":"2025-07-03T11:53:38","date_gmt":"2025-07-03T08:53:38","guid":{"rendered":"https:\/\/www.yilcap.com\/?page_id=1393"},"modified":"2025-07-04T12:18:34","modified_gmt":"2025-07-04T09:18:34","slug":"%d0%ba%d0%b0%d1%80%d1%8c%d0%b5%d1%80%d0%b0","status":"publish","type":"page","link":"https:\/\/www.yilcap.com\/ru\/%d0%ba%d0%b0%d1%80%d1%8c%d0%b5%d1%80%d0%b0\/","title":{"rendered":"\u041a\u0430\u0440\u044c\u0435\u0440\u0430"},"content":{"rendered":"<div data-elementor-type=\"wp-page\" data-elementor-id=\"1393\" class=\"elementor elementor-1393\">\n\t\t\t\t<div class=\"elementor-element elementor-element-79f9009 e-flex e-con-boxed e-con e-parent\" data-id=\"79f9009\" data-element_type=\"container\" data-settings=\"{&quot;background_background&quot;:&quot;classic&quot;}\">\n\t\t\t\t\t<div class=\"e-con-inner\">\n\t\t\t\t<div class=\"elementor-element elementor-element-bfa597f elementor-widget elementor-widget-heading\" data-id=\"bfa597f\" data-element_type=\"widget\" data-widget_type=\"heading.default\">\n\t\t\t\t<div class=\"elementor-widget-container\">\n\t\t\t\t\t<h1 class=\"elementor-heading-title elementor-size-default\">\u041a\u0430\u0440\u044c\u0435\u0440\u0430<\/h1>\t\t\t\t<\/div>\n\t\t\t\t<\/div>\n\t\t\t\t\t<\/div>\n\t\t\t\t<\/div>\n\t\t<div class=\"elementor-element elementor-element-48480e8d e-flex e-con-boxed e-con e-parent\" data-id=\"48480e8d\" data-element_type=\"container\" id=\"basvur\" data-settings=\"{&quot;background_background&quot;:&quot;classic&quot;}\">\n\t\t\t\t\t<div class=\"e-con-inner\">\n\t\t<div class=\"elementor-element elementor-element-691ff10 e-con-full e-flex e-con e-child\" data-id=\"691ff10\" data-element_type=\"container\" data-settings=\"{&quot;background_background&quot;:&quot;classic&quot;}\">\n\t\t\t\t<div class=\"elementor-element elementor-element-5b76c074 elementor-widget__width-initial elementor-widget elementor-widget-hub_fancy_heading\" data-id=\"5b76c074\" data-element_type=\"widget\" data-widget_type=\"hub_fancy_heading.default\">\n\t\t\t\t<div class=\"elementor-widget-container\">\n\t\t\t\t\t\n\t\t<div id=\"ld-fancy-heading-69e389bc8078f\" class=\"ld-fancy-heading pos-rel\">\n\t\t\t<h3 class=\"ld-fh-element d-inline-block pos-rel  elementor-heading-title lqd-highlight-classic lqd-highlight-grow-left h3\"  > \u041e\u0442\u043f\u0440\u0430\u0432\u044c\u0442\u0435 \u043d\u0430\u043c \u0441\u0432\u043e\u044e \u0437\u0430\u044f\u0432\u043a\u0443<\/h3>\t\t<\/div>\n\n\t\t\t\t\t\t<\/div>\n\t\t\t\t<\/div>\n\t\t\t\t<div class=\"elementor-element elementor-element-db3168b elementor-widget__width-inherit elementor-widget elementor-widget-ld_cf722\" data-id=\"db3168b\" data-element_type=\"widget\" data-widget_type=\"ld_cf722.default\">\n\t\t\t\t<div class=\"elementor-widget-container\">\n\t\t\t\t\t\n\t<div class=\"lqd-contact-form  lqd-contact-form-inputs-border-none  lqd-contact-form-button-block  lqd-contact-form-button-lg lqd-contact-form-button-round lqd-contact-form-button-border-none\">\n\t\t\n<div class=\"wpcf7 no-js\" id=\"wpcf7-f1418-o1\" lang=\"tr-TR\" dir=\"ltr\" data-wpcf7-id=\"1418\">\n<div class=\"screen-reader-response\"><p role=\"status\" aria-live=\"polite\" aria-atomic=\"true\"><\/p> <ul><\/ul><\/div>\n<form action=\"\/ru\/wp-json\/wp\/v2\/pages\/1393#wpcf7-f1418-o1\" method=\"post\" class=\"wpcf7-form init\" aria-label=\"\u0130leti\u015fim Formu\" enctype=\"multipart\/form-data\" novalidate=\"novalidate\" data-status=\"init\" data-trp-original-action=\"\/ru\/wp-json\/wp\/v2\/pages\/1393#wpcf7-f1418-o1\">\n<fieldset class=\"hidden-fields-container\"><input type=\"hidden\" name=\"_wpcf7\" value=\"1418\" \/><input type=\"hidden\" name=\"_wpcf7_version\" value=\"6.1\" \/><input type=\"hidden\" name=\"_wpcf7_locale\" value=\"tr_TR\" \/><input type=\"hidden\" name=\"_wpcf7_unit_tag\" value=\"wpcf7-f1418-o1\" \/><input type=\"hidden\" name=\"_wpcf7_container_post\" value=\"0\" \/><input type=\"hidden\" name=\"_wpcf7_posted_data_hash\" value=\"\" \/><input type=\"hidden\" name=\"_wpcf7_recaptcha_response\" value=\"\" \/>\n<\/fieldset>\n<p><span class=\"wpcf7-form-control-wrap\" data-name=\"text-628\"><input size=\"40\" maxlength=\"400\" class=\"wpcf7-form-control wpcf7-text\" aria-invalid=\"false\" placeholder=\"\u0418\u043c\u044f - \u0424\u0430\u043c\u0438\u043b\u0438\u044f\" value=\"\" type=\"text\" name=\"text-628\" \/><\/span><br \/>\n<span class=\"wpcf7-form-control-wrap\" data-name=\"tel-856\"><input size=\"40\" maxlength=\"400\" class=\"wpcf7-form-control wpcf7-tel wpcf7-text wpcf7-validates-as-tel\" aria-invalid=\"false\" placeholder=\"\u0422\u0435\u043b\u0435\u0444\u043e\u043d\" value=\"\" type=\"tel\" name=\"tel-856\" \/><\/span><br \/>\n<span class=\"wpcf7-form-control-wrap\" data-name=\"email-861\"><input size=\"40\" maxlength=\"400\" class=\"wpcf7-form-control wpcf7-email wpcf7-text wpcf7-validates-as-email\" aria-invalid=\"false\" placeholder=\"\u0410\u0434\u0440\u0435\u0441 \u044d\u043b\u0435\u043a\u0442\u0440\u043e\u043d\u043d\u043e\u0439 \u043f\u043e\u0447\u0442\u044b\" value=\"\" type=\"email\" name=\"email-861\" \/><\/span><br \/>\n<span class=\"wpcf7-form-control-wrap\" data-name=\"text-352\"><input size=\"40\" maxlength=\"400\" class=\"wpcf7-form-control wpcf7-text\" aria-invalid=\"false\" placeholder=\"\u0410\u0434\u0440\u0435\u0441 \u043f\u0440\u043e\u0436\u0438\u0432\u0430\u043d\u0438\u044f\" value=\"\" type=\"text\" name=\"text-352\" \/><\/span><br \/>\n<label> \u0417\u0430\u0433\u0440\u0443\u0437\u0438\u0442\u044c \u0440\u0435\u0437\u044e\u043c\u0435 <\/label><br \/>\n<span class=\"wpcf7-form-control-wrap\" data-name=\"file-854\"><input size=\"40\" class=\"wpcf7-form-control wpcf7-file\" accept=\"audio\/*,video\/*,image\/*\" aria-invalid=\"false\" type=\"file\" name=\"file-854\" \/><\/span><br \/>\n<span class=\"wpcf7-form-control-wrap\" data-name=\"textarea-389\"><textarea cols=\"10\" rows=\"4\" maxlength=\"2000\" class=\"wpcf7-form-control wpcf7-textarea\" aria-invalid=\"false\" placeholder=\"\u0412\u044b \u043c\u043e\u0436\u0435\u0442\u0435 \u043a\u0440\u0430\u0442\u043a\u043e \u0440\u0430\u0441\u0441\u043a\u0430\u0437\u0430\u0442\u044c \u043d\u0430\u043c \u043e \u0441\u0435\u0431\u0435.\" name=\"textarea-389\"><\/textarea><\/span><br \/>\n<span class=\"wpcf7-form-control-wrap\" data-name=\"acceptance-14\"><span class=\"wpcf7-form-control wpcf7-acceptance\"><span class=\"wpcf7-list-item\"><label><input type=\"checkbox\" name=\"acceptance-14\" value=\"1\" aria-invalid=\"false\" \/><span class=\"wpcf7-list-item-label\"><a href=\"https:\/\/www.yilcap.com\/ru\/kisisel-verilerin-korunmasi-aydinlatma-metni\/\" target=\"_blank\">\u041a\u0412\u041a\u041a <\/a>&nbsp; \u042f \u043f\u0440\u043e\u0447\u0438\u0442\u0430\u043b(\u0430), \u043f\u043e\u043d\u044f\u043b(\u0430) \u0438 \u043e\u0434\u043e\u0431\u0440\u044f\u044e \u0442\u0435\u043a\u0441\u0442.<\/span><\/label><\/span><\/span><\/span><br \/>\n<input class=\"wpcf7-form-control wpcf7-submit has-spinner\" type=\"submit\" value=\"\u041e\u0442\u043f\u0440\u0430\u0432\u043b\u044f\u0442\u044c\" \/>\n<\/p><div class=\"wpcf7-response-output\" aria-hidden=\"true\"><\/div>\n<input type=\"hidden\" name=\"trp-form-language\" value=\"ru\"\/><\/form>\n<\/div>\n\t<\/div>\n\n\t\t\t\t\t<\/div>\n\t\t\t\t<\/div>\n\t\t\t\t<\/div>\n\t\t<div class=\"elementor-element elementor-element-49ece8a e-con-full e-flex e-con e-child\" data-id=\"49ece8a\" data-element_type=\"container\">\n\t\t<div class=\"lqd-css-sticky elementor-element elementor-element-951f560 e-con-full e-flex e-con e-child\" style=\"top: auto; top: 150px;\" data-id=\"951f560\" data-element_type=\"container\">\n\t\t\t\t<div class=\"elementor-element elementor-element-45c2dcd elementor-widget__width-initial elementor-widget elementor-widget-hub_fancy_heading\" data-id=\"45c2dcd\" data-element_type=\"widget\" data-widget_type=\"hub_fancy_heading.default\">\n\t\t\t\t<div class=\"elementor-widget-container\">\n\t\t\t\t\t\n\t\t<div id=\"ld-fancy-heading-69e389bc86e7a\" class=\"ld-fancy-heading pos-rel\">\n\t\t\t<h3 class=\"ld-fh-element d-inline-block pos-rel  elementor-heading-title lqd-highlight-classic lqd-highlight-grow-left h3\"  > \u041d\u0430\u043f\u0440\u0430\u0432\u044c\u0442\u0435 \u0441\u0432\u043e\u044e \u043a\u0430\u0440\u044c\u0435\u0440\u0443 \u0432 YILCAP\n<\/h3>\t\t<\/div>\n\n\t\t\t\t\t\t<\/div>\n\t\t\t\t<\/div>\n\t\t\t\t<div class=\"elementor-element elementor-element-704b5d2 elementor-widget__width-initial elementor-widget-mobile__width-inherit elementor-widget elementor-widget-text-editor\" data-id=\"704b5d2\" data-element_type=\"widget\" data-widget_type=\"text-editor.default\">\n\t\t\t\t<div class=\"elementor-widget-container\">\n\t\t\t\t\t\t\t\t\t<p data-start=\"73\" data-end=\"397\">\u041a\u043e\u043c\u043f\u0430\u043d\u0438\u044f YILCAP, \u043a\u043e\u0442\u043e\u0440\u0430\u044f \u043d\u0435\u043f\u0440\u0435\u0440\u044b\u0432\u043d\u043e \u0440\u0430\u0437\u0432\u0438\u0432\u0430\u0435\u0442\u0441\u044f \u0441 2018 \u0433\u043e\u0434\u0430, \u043f\u0440\u043e\u0438\u0437\u0432\u043e\u0434\u0438\u0442 \u043f\u043b\u0430\u0441\u0442\u0438\u043a\u043e\u0432\u044b\u0435 \u043a\u043e\u043b\u043f\u0430\u0447\u043a\u0438 \u043f\u043e \u043c\u0435\u0436\u0434\u0443\u043d\u0430\u0440\u043e\u0434\u043d\u044b\u043c \u0441\u0442\u0430\u043d\u0434\u0430\u0440\u0442\u0430\u043c \u043d\u0430 \u0441\u0432\u043e\u0451\u043c \u0441\u043e\u0432\u0440\u0435\u043c\u0435\u043d\u043d\u043e\u043c \u043f\u0440\u043e\u0438\u0437\u0432\u043e\u0434\u0441\u0442\u0432\u0435\u043d\u043d\u043e\u043c \u043e\u0431\u044a\u0435\u043a\u0442\u0435 \u043f\u043b\u043e\u0449\u0430\u0434\u044c\u044e 60 000 \u043c\u00b2. \u041e\u0440\u0438\u0435\u043d\u0442\u0438\u0440\u0443\u044f\u0441\u044c \u043d\u0430 \u043a\u0430\u0447\u0435\u0441\u0442\u0432\u043e, \u0443\u0441\u0442\u043e\u0439\u0447\u0438\u0432\u043e\u0435 \u0440\u0430\u0437\u0432\u0438\u0442\u0438\u0435 \u0438 \u0438\u043d\u043d\u043e\u0432\u0430\u0446\u0438\u0438, \u043d\u0430\u0448\u0430 \u043a\u043e\u043c\u043f\u0430\u043d\u0438\u044f \u0441\u0442\u0440\u043e\u0438\u0442 \u0431\u0443\u0434\u0443\u0449\u0435\u0435 \u0432\u043c\u0435\u0441\u0442\u0435 \u0441 \u0441\u0438\u043b\u044c\u043d\u044b\u043c \u043a\u043e\u043c\u0430\u043d\u0434\u043d\u044b\u043c \u0434\u0443\u0445\u043e\u043c.<\/p><p data-start=\"399\" data-end=\"677\">\u0420\u0430\u0431\u043e\u0442\u0430\u044f \u0441 \u043b\u0438\u0434\u0435\u0440\u0430\u043c\u0438 \u043e\u0442\u0440\u0430\u0441\u043b\u0438 \u0432 \u043e\u0431\u043b\u0430\u0441\u0442\u0438 \u043c\u0430\u0448\u0438\u043d\u043e\u0441\u0442\u0440\u043e\u0435\u043d\u0438\u044f, \u0444\u043e\u0440\u043c\u043e\u0432\u0430\u043d\u0438\u044f \u0438 \u043f\u0440\u043e\u0438\u0437\u0432\u043e\u0434\u0441\u0442\u0432\u0435\u043d\u043d\u044b\u0445 \u0442\u0435\u0445\u043d\u043e\u043b\u043e\u0433\u0438\u0439, YILCAP \u043f\u0440\u0435\u0434\u043b\u0430\u0433\u0430\u0435\u0442 \u0441\u0432\u043e\u0438\u043c \u0441\u043e\u0442\u0440\u0443\u0434\u043d\u0438\u043a\u0430\u043c \u0431\u0435\u0437\u043e\u043f\u0430\u0441\u043d\u0443\u044e, \u044d\u043a\u043e\u043b\u043e\u0433\u0438\u0447\u043d\u0443\u044e \u0438 \u0438\u043d\u043d\u043e\u0432\u0430\u0446\u0438\u043e\u043d\u043d\u0443\u044e \u0440\u0430\u0431\u043e\u0447\u0443\u044e \u0441\u0440\u0435\u0434\u0443. \u0415\u0441\u043b\u0438 \u0432\u044b \u0445\u043e\u0442\u0438\u0442\u0435 \u0440\u0430\u0437\u0432\u0438\u0432\u0430\u0442\u044c \u0441\u0432\u043e\u044e \u043a\u0430\u0440\u044c\u0435\u0440\u0443 \u0432 \u0441\u0430\u043c\u044b\u0445 \u0440\u0430\u0437\u043d\u044b\u0445 \u043e\u0431\u043b\u0430\u0441\u0442\u044f\u0445: \u043e\u0442 \u043f\u0440\u043e\u0438\u0437\u0432\u043e\u0434\u0441\u0442\u0432\u0430 \u0438 \u041d\u0418\u041e\u041a\u0420 \u0434\u043e \u043a\u0430\u0447\u0435\u0441\u0442\u0432\u0430 \u0438 \u043b\u043e\u0433\u0438\u0441\u0442\u0438\u043a\u0438, \u043f\u0440\u0438\u0441\u043e\u0435\u0434\u0438\u043d\u044f\u0439\u0442\u0435\u0441\u044c \u043a \u043d\u0430\u0448\u0435\u0439 \u043a\u043e\u043c\u0430\u043d\u0434\u0435.<\/p><p data-start=\"679\" data-end=\"717\"><strong data-start=\"679\" data-end=\"717\">\u0414\u0430\u0432\u0430\u0439\u0442\u0435 \u0441\u043e\u0437\u0434\u0430\u0432\u0430\u0442\u044c \u0431\u0443\u0434\u0443\u0449\u0435\u0435 \u0432\u043c\u0435\u0441\u0442\u0435.<\/strong><\/p>\t\t\t\t\t\t\t\t<\/div>\n\t\t\t\t<\/div>\n\t\t\t\t<\/div>\n\t\t\t\t<\/div>\n\t\t\t\t\t<\/div>\n\t\t\t\t<\/div>\n\t\t\t\t<\/div>","protected":false},"excerpt":{"rendered":"<p>Kariyer Ba\u015fvurunuzu Bize Ula\u015ft\u0131r\u0131n CV Y\u00fckle KVKK &nbsp; metnini okudum, anlad\u0131m ve onayl\u0131yorum. YILCAP\u2019ta Kariyerinize Y\u00f6n Verin 2018 y\u0131l\u0131ndan bu yana s\u00fcrekli b\u00fcy\u00fcyen YILCAP, bug\u00fcn 60.000 m\u00b2\u2019lik modern \u00fcretim tesisinde, uluslararas\u0131 standartlarda plastik kapak \u00fcretimi ger\u00e7ekle\u015ftirmektedir. Kalite, s\u00fcrd\u00fcr\u00fclebilirlik ve yenilik\u00e7i yakla\u015f\u0131m\u0131 merkeze alan \u015firketimiz, g\u00fc\u00e7l\u00fc ekip ruhuyla gelece\u011fi birlikte in\u015fa ediyor. Makine, kal\u0131p ve \u00fcretim [&hellip;]<\/p>","protected":false},"author":1,"featured_media":0,"parent":0,"menu_order":0,"comment_status":"closed","ping_status":"closed","template":"","meta":{"footnotes":""},"class_list":["post-1393","page","type-page","status-publish","hentry"],"rankMath":{"parentDomain":"www.yilcap.com","noFollowDomains":[],"noFollowExcludeDomains":[],"noFollowExternalLinks":false,"featuredImageNotice":"The featured image should be at least 200 by 200 pixels to be picked up by Facebook and other social media sites.","pluginReviewed":false,"postSettings":{"linkSuggestions":true,"useFocusKeyword":false},"frontEndScore":false,"postName":"kariyer","permalinkFormat":"https:\/\/www.yilcap.com\/ru\/%pagename%\/","showLockModifiedDate":true,"assessor":{"focusKeywordLink":"https:\/\/www.yilcap.com\/wp-admin\/edit.php?focus_keyword=%focus_keyword%&post_type=%post_type%","hasTOCPlugin":false,"primaryTaxonomy":false,"serpData":{"title":"","description":"Kaliteye de\u011fer katan bir ekipte yer al\u0131n. YILCAP\u2019ta sizin i\u00e7in de bir f\u0131rsat olabilir.\n\n","focusKeywords":"Kariyer","pillarContent":false,"canonicalUrl":"","breadcrumbTitle":"","advancedRobots":[],"facebookTitle":"","facebookDescription":"","facebookImage":"","facebookImageID":"","facebookHasOverlay":false,"facebookImageOverlay":"","facebookAuthor":"","twitterCardType":"","twitterUseFacebook":true,"twitterTitle":"","twitterDescription":"","twitterImage":"","twitterImageID":"","twitterHasOverlay":false,"twitterImageOverlay":"","twitterPlayerUrl":"","twitterPlayerSize":"","twitterPlayerStream":"","twitterPlayerStreamCtype":"","twitterAppDescription":"","twitterAppIphoneName":"","twitterAppIphoneID":"","twitterAppIphoneUrl":"","twitterAppIpadName":"","twitterAppIpadID":"","twitterAppIpadUrl":"","twitterAppGoogleplayName":"","twitterAppGoogleplayID":"","twitterAppGoogleplayUrl":"","twitterAppCountry":"","robots":{"index":true},"twitterAuthor":"username","primaryTerm":0,"authorName":"yilcap_admin","titleTemplate":"%title% %sep% %sitename%","descriptionTemplate":"%excerpt%","showScoreFrontend":true,"lockModifiedDate":false},"powerWords":[],"diacritics":{"A":"[\\u0410\\u0430]","B":"[\\u0411\\u0431]","V":"[\\u0412\\u0432]","G":"[\\u0413\\u0433]","D":"[\\u0414\\u0434]","YE":"[\\u0415\\u0435]","YO":"[\\u0401\\u0451]","ZH":"[\\u0416\\u0436]","Z":"[\\u0417\\u0437]","EE":"[\\u0418\\u0438]","YI":"[\\u0419\\u0439]","K":"[\\u041A\\u043A]","L":"[\\u041B\\u043B]","M":"[\\u041C\\u043c]","P":"[\\u041F\\u043F]","T":"[\\u0422\\u0442]","U":"[\\u0423\\u0443]","F":"[\\u0424\\u0444]","H":"[\\u0425\\u0445]","TS":"[\\u0426\\u0446]","CH":"[\\u0427\\u0447]","SH":"[\\u0428\\u0448\\u0429\\u0449]","I":"[\\u042B\\u044B]","E":"[\\u042D\\u044D]","YU":"[\\u042E\\u044E]","YA":"[\\u042F\\u044F]","N":"[\\u041D\\u043D]"},"researchesTests":["contentHasTOC","contentHasShortParagraphs","contentHasAssets","keywordInTitle","keywordInMetaDescription","keywordInPermalink","keywordIn10Percent","keywordInContent","keywordInSubheadings","keywordInImageAlt","keywordDensity","keywordNotUsed","lengthContent","lengthPermalink","linksHasInternal","linksHasExternals","linksNotAllExternals","titleStartWithKeyword","titleSentiment","titleHasPowerWords","titleHasNumber","hasContentAI"],"hasRedirection":true,"hasBreadcrumb":false},"homeUrl":"https:\/\/www.yilcap.com\/ru","objectID":1393,"objectType":"post","locale":"ru","localeFull":"ru_RU","overlayImages":{"play":{"name":"Play icon","url":"https:\/\/www.yilcap.com\/wp-content\/plugins\/seo-by-rank-math\/assets\/admin\/img\/icon-play.png","path":"\/home\/yilcap\/public_html\/wp-content\/plugins\/seo-by-rank-math\/assets\/admin\/img\/icon-play.png","position":"middle_center"},"gif":{"name":"GIF icon","url":"https:\/\/www.yilcap.com\/wp-content\/plugins\/seo-by-rank-math\/assets\/admin\/img\/icon-gif.png","path":"\/home\/yilcap\/public_html\/wp-content\/plugins\/seo-by-rank-math\/assets\/admin\/img\/icon-gif.png","position":"middle_center"}},"defautOgImage":"https:\/\/www.yilcap.com\/wp-content\/plugins\/seo-by-rank-math\/assets\/admin\/img\/social-placeholder.jpg","customPermalinks":true,"isUserRegistered":false,"autoSuggestKeywords":false,"connectSiteUrl":"https:\/\/rankmath.com\/auth?site=https%3A%2F%2Fwww.yilcap.com%2Fru&r=https%3A%2F%2Fwww.yilcap.com%2Fru%2Fwp-json%2Fwp%2Fv2%2Fpages%2F1393%3Fnonce%3D82ed1bfab2","maxTags":5,"trendsIcon":"<svg viewBox=\"0 0 610 610\"><path d=\"M18.85,446,174.32,290.48l58.08,58.08L76.93,504a14.54,14.54,0,0,1-20.55,0L18.83,466.48a14.54,14.54,0,0,1,0-20.55Z\" style=\"fill:#4285f4\"\/><path d=\"M242.65,242.66,377.59,377.6l-47.75,47.75a14.54,14.54,0,0,1-20.55,0L174.37,290.43l47.75-47.75A14.52,14.52,0,0,1,242.65,242.66Z\" style=\"fill:#ea4335\"\/><polygon points=\"319.53 319.53 479.26 159.8 537.34 217.88 377.61 377.62 319.53 319.53\" style=\"fill:#fabb05\"\/><path d=\"M594.26,262.73V118.61h0a16.94,16.94,0,0,0-16.94-16.94H433.2a16.94,16.94,0,0,0-12,28.92L565.34,274.71h0a16.94,16.94,0,0,0,28.92-12Z\" style=\"fill:#34a853\"\/><rect width=\"610\" height=\"610\" style=\"fill:none\"\/><\/svg>","showScore":true,"siteFavIcon":"https:\/\/www.yilcap.com\/wp-content\/uploads\/2025\/07\/Adsiz-tasarim-2025-07-01T112604.474-150x150.jpg","canUser":{"general":false,"advanced":false,"snippet":false,"social":false,"analysis":false,"analytics":false,"content_ai":false},"showKeywordIntent":true,"isPro":false,"is_front_page":false,"trendsUpgradeLink":"https:\/\/rankmath.com\/pricing\/?utm_source=Plugin&utm_medium=CE%20General%20Tab%20Trends&utm_campaign=WP","trendsUpgradeLabel":"Upgrade","trendsPreviewImage":"https:\/\/www.yilcap.com\/wp-content\/plugins\/seo-by-rank-math\/assets\/admin\/img\/trends-preview.jpg","currentEditor":false,"homepageData":{"assessor":{"powerWords":[],"diacritics":true,"researchesTests":["contentHasTOC","contentHasShortParagraphs","contentHasAssets","keywordInTitle","keywordInMetaDescription","keywordInPermalink","keywordIn10Percent","keywordInContent","keywordInSubheadings","keywordInImageAlt","keywordDensity","keywordNotUsed","lengthContent","lengthPermalink","linksHasInternal","linksHasExternals","linksNotAllExternals","titleStartWithKeyword","titleSentiment","titleHasPowerWords","titleHasNumber","hasContentAI"],"hasBreadcrumb":false,"serpData":{"title":"%sitename% %page% %sep% %sitedesc%","description":"","titleTemplate":"%sitename% %page% %sep% %sitedesc%","descriptionTemplate":"","focusKeywords":"","breadcrumbTitle":"Home","robots":{"index":true},"advancedRobots":[],"facebookTitle":"","facebookDescription":"","facebookImage":"","facebookImageID":""}}},"tocTitle":"Table of Contents","tocExcludeHeadings":[],"listStyle":"ul"},"_links":{"self":[{"href":"https:\/\/www.yilcap.com\/ru\/wp-json\/wp\/v2\/pages\/1393","targetHints":{"allow":["GET"]}}],"collection":[{"href":"https:\/\/www.yilcap.com\/ru\/wp-json\/wp\/v2\/pages"}],"about":[{"href":"https:\/\/www.yilcap.com\/ru\/wp-json\/wp\/v2\/types\/page"}],"author":[{"embeddable":true,"href":"https:\/\/www.yilcap.com\/ru\/wp-json\/wp\/v2\/users\/1"}],"replies":[{"embeddable":true,"href":"https:\/\/www.yilcap.com\/ru\/wp-json\/wp\/v2\/comments?post=1393"}],"version-history":[{"count":68,"href":"https:\/\/www.yilcap.com\/ru\/wp-json\/wp\/v2\/pages\/1393\/revisions"}],"predecessor-version":[{"id":1557,"href":"https:\/\/www.yilcap.com\/ru\/wp-json\/wp\/v2\/pages\/1393\/revisions\/1557"}],"wp:attachment":[{"href":"https:\/\/www.yilcap.com\/ru\/wp-json\/wp\/v2\/media?parent=1393"}],"curies":[{"name":"wp","href":"https:\/\/api.w.org\/{rel}","templated":true}]}}