{"id":779,"date":"2025-07-01T15:34:37","date_gmt":"2025-07-01T12:34:37","guid":{"rendered":"https:\/\/www.yilcap.com\/?post_type=product&#038;p=779"},"modified":"2025-07-03T14:46:46","modified_gmt":"2025-07-03T11:46:46","slug":"38-mm-v1-kulp","status":"publish","type":"product","link":"https:\/\/www.yilcap.com\/ru\/urunler\/38-mm-v1-kulp\/","title":{"rendered":"\u0420\u0443\u0447\u043a\u0430 V1 38 \u043c\u043c"},"content":{"rendered":"<style>\n  .responsive-table {<br \/>    width: 100%;<br \/>    border-collapse: collapse;<br \/>    font-family: sans-serif;<br \/>  }<br \/>  .responsive-table th, .responsive-table td {<br \/>    padding: 10px;<br \/>    text-align: left;<br \/>    border: 1px solid #ddd;<br \/>  }<br \/>  .responsive-table th {<br \/>    background-color: #f4f4f4;<br \/>    font-weight: bold;<br \/>  }<\/p>\n<p>  @media screen and (max-width: 600px) {<br \/>    .responsive-table thead {<br \/>      display: none;<br \/>    }<br \/>    .responsive-table tr {<br \/>      display: block;<br \/>      margin-bottom: 10px;<br \/>      border-bottom: 2px solid #eee;<br \/>    }<br \/>    .responsive-table td {<br \/>      display: flex;<br \/>      justify-content: space-between;<br \/>      padding: 8px 10px;<br \/>      border: none;<br \/>      border-bottom: 1px solid #ddd;<br \/>    }<br \/>    .responsive-table td::before {<br \/>      content: attr(data-label);<br \/>      font-weight: bold;<br \/>    }<br \/>  }<br \/><\/style>\n<table class=\"responsive-table\">\n<thead>\n<tr>\n<th>\u00dcr\u00fcn \u00d6zelli\u011fi<\/th>\n<th>Detay<\/th>\n<\/tr>\n<\/thead>\n<tbody>\n<tr>\n<td data-label=\"\u00dcr\u00fcn Bilgisi\">\u00dcr\u00fcn Bilgisi<\/td>\n<td data-label=\"Detay\">\u0420\u0443\u0447\u043a\u0430 V1 38 \u043c\u043c<\/td>\n<\/tr>\n<tr>\n<td data-label=\"Hammadde\">Hammadde<\/td>\n<td data-label=\"Detay\">HDPE Organoleptik<\/td>\n<\/tr>\n<tr>\n<td data-label=\"Kullan\u0131m Alan\u0131\">Kullan\u0131m Alan\u0131<\/td>\n<td data-label=\"Detay\">Su \/ Gazs\u0131z \u0130\u00e7ecekler<\/td>\n<\/tr>\n<tr>\n<td data-label=\"A\u011f\u0131rl\u0131k\">A\u011f\u0131rl\u0131k<\/td>\n<td data-label=\"Detay\">5.0gr (+\/- 0.10gr)<\/td>\n<\/tr>\n<tr>\n<td data-label=\"\u00dcretim Teknolojisi\">\u00dcretim Teknolojisi<\/td>\n<td data-label=\"Detay\">Enjeksiyon<\/td>\n<\/tr>\n<tr>\n<td data-label=\"Koli \u0130\u00e7i Adet\">Koli \u0130\u00e7i Adet<\/td>\n<td data-label=\"Detay\">1.150 Adet<\/td>\n<\/tr>\n<tr>\n<td data-label=\"Palet\">Palet<\/td>\n<td data-label=\"Detay\">30 Koli \/ 34.500 Adet<\/td>\n<\/tr>\n<tr>\n<td data-label=\"T\u0131r\">T\u0131r<\/td>\n<td data-label=\"Detay\">26 Palet \/ 897.000 Adet<\/td>\n<\/tr>\n<tr>\n<td data-label=\"40'' Konteyner\">40&#8221; Konteyner<\/td>\n<td data-label=\"Detay\">780 Koli \/ 897.000 Adet<\/td>\n<\/tr>\n<\/tbody>\n<\/table>","protected":false},"excerpt":{"rendered":"<p>38 MM V1 kulp, enjeksiyon y\u00f6ntemiyle HDPE organoleptik hammaddeden \u00fcretilmi\u015f, su ve gazs\u0131z i\u00e7ecekler i\u00e7in dayan\u0131kl\u0131 ve ergonomik ta\u015f\u0131ma kolayl\u0131\u011f\u0131 sa\u011flayan bir \u00e7\u00f6z\u00fcmd\u00fcr.<\/p>\n<p><img fetchpriority=\"high\" decoding=\"async\" class=\"alignnone wp-image-1182 size-full\" src=\"https:\/\/www.yilcap.com\/wp-content\/uploads\/2025\/07\/38-MM-HANDLE-V1-TEKNIK-CIZIM.png\" alt=\"\" width=\"1024\" height=\"490\" srcset=\"https:\/\/www.yilcap.com\/wp-content\/uploads\/2025\/07\/38-MM-HANDLE-V1-TEKNIK-CIZIM.png 1024w, https:\/\/www.yilcap.com\/wp-content\/uploads\/2025\/07\/38-MM-HANDLE-V1-TEKNIK-CIZIM-300x144.png 300w\" sizes=\"(max-width: 1024px) 100vw, 1024px\" \/><\/p>","protected":false},"featured_media":1477,"template":"","meta":[],"product_brand":[],"product_cat":[22],"product_tag":[],"class_list":{"0":"post-779","1":"product","2":"type-product","3":"status-publish","4":"has-post-thumbnail","6":"product_cat-kulplar","8":"first","9":"instock","10":"shipping-taxable","11":"product-type-simple"},"_links":{"self":[{"href":"https:\/\/www.yilcap.com\/ru\/wp-json\/wp\/v2\/product\/779","targetHints":{"allow":["GET"]}}],"collection":[{"href":"https:\/\/www.yilcap.com\/ru\/wp-json\/wp\/v2\/product"}],"about":[{"href":"https:\/\/www.yilcap.com\/ru\/wp-json\/wp\/v2\/types\/product"}],"wp:featuredmedia":[{"embeddable":true,"href":"https:\/\/www.yilcap.com\/ru\/wp-json\/wp\/v2\/media\/1477"}],"wp:attachment":[{"href":"https:\/\/www.yilcap.com\/ru\/wp-json\/wp\/v2\/media?parent=779"}],"wp:term":[{"taxonomy":"product_brand","embeddable":true,"href":"https:\/\/www.yilcap.com\/ru\/wp-json\/wp\/v2\/product_brand?post=779"},{"taxonomy":"product_cat","embeddable":true,"href":"https:\/\/www.yilcap.com\/ru\/wp-json\/wp\/v2\/product_cat?post=779"},{"taxonomy":"product_tag","embeddable":true,"href":"https:\/\/www.yilcap.com\/ru\/wp-json\/wp\/v2\/product_tag?post=779"}],"curies":[{"name":"wp","href":"https:\/\/api.w.org\/{rel}","templated":true}]}}